{"id":939,"date":"2026-03-11T09:18:43","date_gmt":"2026-03-11T07:18:43","guid":{"rendered":"https:\/\/oun.fi\/bestallnings-leverans-och-avbokningsvillkor\/"},"modified":"2026-03-14T20:48:53","modified_gmt":"2026-03-14T18:48:53","slug":"bestallnings-leverans-och-avbokningsvillkor","status":"publish","type":"page","link":"https:\/\/oun.fi\/sv\/bestallnings-leverans-och-avbokningsvillkor\/","title":{"rendered":"Best\u00e4llnings-, leverans- och avbokningsvillkor"},"content":{"rendered":"\n<header class=\"wp-block-uagb-advanced-heading uagb-block-ce781e3d\"><h1 class=\"uagb-heading-text\">Best\u00e4llnings-, leverans- och avbokningsvillkor<\/h1><\/header>\n\n<p><\/p>\n\n<h5 class=\"wp-block-heading\" id=\"h-yleista\">Allm\u00e4nt<\/h5>\n\n<p style=\"margin-top:var(--wp--preset--spacing--60);margin-bottom:var(--wp--preset--spacing--60)\">OUN Oy, FO-nummer: 3179402-6, s\u00e4ljer tj\u00e4nster till myndiga privatpersoner och f\u00f6retag i Finland.<\/p>\n\n<p>F\u00f6r tydlighetens skull konstateras att OUN Oy inte \u00e4r en f\u00f6rmedlingsbyr\u00e5. Lagen om fastighetsf\u00f6rmedlingsbyr\u00e5er och byr\u00e5er f\u00f6r f\u00f6rmedling av hyresbost\u00e4der till\u00e4mpas d\u00e4rf\u00f6r inte.<\/p>\n\n<h5 class=\"wp-block-heading\" id=\"h-nbsp-h-enkilotietojen-keraaminen\"> <strong>I<\/strong>nsamling av personuppgifter<\/h5>\n\n<p>Som kund som anv\u00e4nder v\u00e5r tj\u00e4nst godk\u00e4nner du att vi sparar dina uppgifter i v\u00e5rt kundregister och behandlar dem enligt v\u00e5r <a href=\"\/?page_id=987\">dataskyddsbeskrivning<\/a>.<\/p>\n\n<h5 class=\"wp-block-heading\" id=\"h-nbsp-palvelut-ja-palveluiden-hinnat\"><strong> <\/strong>Tj\u00e4nster och priser<\/h5>\n\n<p>Egenskaperna och priserna f\u00f6r v\u00e5ra produkter och tj\u00e4nster presenteras i samband med presentationen av varje tj\u00e4nst och p\u00e5 best\u00e4llningsformul\u00e4ret. Vi f\u00f6rbeh\u00e5ller oss r\u00e4tten till pris\u00e4ndringar, s\u00e5 kontrollera priserna innan du godk\u00e4nner och\/eller betalar best\u00e4llningen. priserna innan du godk\u00e4nner och\/eller betalar best\u00e4llningen. Priserna f\u00f6r tj\u00e4nsterna inkluderar skatter som framg\u00e5r av best\u00e4llningsformul\u00e4ret och orderbekr\u00e4ftelsen.<\/p>\n\n<h5 class=\"wp-block-heading\" id=\"h-nbsp-toimitustavat-ja-aika\"><strong> <\/strong>Leveranss\u00e4tt och leveranstid<\/h5>\n\n<p>Vi genomf\u00f6r v\u00e5ra tj\u00e4nster och levererar v\u00e5ra produkter i regel med elektroniska metoder, till exempel per telefon, e-post eller genom att erbjuda m\u00f6jlighet att ladda ner produkter fr\u00e5n v\u00e5ra sidor eller via v\u00e5ra samarbetspartners system.<\/p>\n\n<h5 class=\"wp-block-heading\" id=\"h-tilattujen-palveluiden-maksaminen\">Betalning av best\u00e4llda tj\u00e4nster<\/h5>\n\n<p>Tj\u00e4nsterna faktureras separat omedelbart efter att du har l\u00e4mnat best\u00e4llningen och levererat dokumentationen som h\u00f6r till det valda objektet. Best\u00e4llningen g\u00e5r till produktion s\u00e5 snart betalningen har registrerats. V\u00e5r betaltj\u00e4nstleverant\u00f6r \u00e4r<\/p>\n\n<p>Vipps MobilePay AS, filial i Finland, FO-nummer: 3330214-4<br\/><br\/>Alexandersgatan 11<br\/>00100 HELSINGFORS<br\/><a href=\"https:\/\/mobilepay.fi\">https:\/\/mobilepay.fi<\/a><\/p>\n\n<h5 class=\"wp-block-heading\" id=\"h-tilaaminen-ja-sopimus\">Best\u00e4llning och avtal<\/h5>\n\n<p>Du kan best\u00e4lla tj\u00e4nster fr\u00e5n v\u00e5r hemsida. Efter att du har l\u00e4mnat best\u00e4llningen och vi har bekr\u00e4ftat den b\u00f6rjar vi leverera den. Eftersom v\u00e5r tj\u00e4nst riktar sig till bostadsk\u00f6p p\u00e5b\u00f6rjas leveransen omedelbart efter att vi har f\u00e5tt orderbekr\u00e4ftelsen, eftersom den 14-dagars \u00e5ngerr\u00e4tt som anges i konsumentskyddslagen \u00e4r oh\u00e5llbar med tanke p\u00e5 bostadsk\u00f6pets natur och snabbhet. N\u00e4r du anv\u00e4nder v\u00e5ra tj\u00e4nster f\u00f6ruts\u00e4tts du ha bekantat dig med och f\u00f6rbundit dig till v\u00e5ra vid var tid g\u00e4llande leveransvillkor. Du f\u00f6rst\u00e5r att din best\u00e4llning som du har godk\u00e4nt och som vi har bekr\u00e4ftat \u00e4r, utom i den del som senare n\u00e4mns om \u00e5ngerr\u00e4tt, bindande och tillsammans med dessa leveransvillkor utg\u00f6r ett avtal mellan oss. Vi fakturerar de produkter\/tj\u00e4nster du best\u00e4llt i samband med best\u00e4llningen, om inte annat \u00f6verenskommits.<\/p>\n\n<h5 class=\"wp-block-heading\" id=\"h-nbsp-peruuttamisoikeus\"><strong> <\/strong>\u00c5ngerr\u00e4tt<\/h5>\n\n<p>Du har enligt finsk konsumentskyddslag r\u00e4tt att \u00e5ngra en tj\u00e4nstebest\u00e4llning genom att meddela oss detta senast 14 dagar efter den bekr\u00e4ftade best\u00e4llningen. Om du vill \u00e5ngra best\u00e4llningen, kontakta oss via e-post (<a href=\"mailto:info@oun.fi?subject=Avbokning%20av%20best\u00e4llning!\">info@oun.fi<\/a>) s\u00e5 snart som m\u00f6jligt eller senast inom 14 dagar. Vi avbryter leveransen av best\u00e4llningen omedelbart efter att vi har f\u00e5tt information om \u00e5ngerr\u00e4tten, varvid vi fakturerar en andel av priset i samma proportion som vad som redan har genomf\u00f6rts. Om best\u00e4llningen redan har levererats i sin helhet kan betalningen eller en del av den inte \u00e5terbetalas.<\/p>\n\n<p>Uppge f\u00f6ljande i e-postmeddelandet:<\/p>\n\n<ul class=\"wp-block-list\">\n<li>Ditt namn<\/li>\n\n\n\n<li>Namnet p\u00e5 tj\u00e4nsten som ska avbokas<\/li>\n<\/ul>\n\n<h5 class=\"wp-block-heading\" id=\"h-vastuunrajoitus\">Ansvarsbegr\u00e4nsning<\/h5>\n\n<p>Oun Oy ansvarar inte f\u00f6r n\u00e5gon indirekt eller direkt eller annan skada som uppst\u00e5tt i samband med best\u00e4llningen eller av ovan n\u00e4mnda, utom i den m\u00e5n en tvingande best\u00e4mmelse i konsumentskyddslagen eller annan tvingande lag har f\u00f6reskrivit annat f\u00f6r den aktuella skadan.<\/p>\n\n<h5 class=\"wp-block-heading\" id=\"h-erimielisyydet\">Tvister<\/h5>\n\n<p>Vi str\u00e4var efter att i f\u00f6rsta hand l\u00f6sa eventuella tvister som r\u00f6r din best\u00e4llning genom \u00f6verenskommelse, s\u00e5 kontakta i f\u00f6rsta hand v\u00e5r kundtj\u00e4nst f\u00f6r att komma \u00f6verens om saken.<\/p>\n\n<p>Om en tvist som r\u00f6r k\u00f6peavtalet inte kan l\u00f6sas genom f\u00f6rhandlingar mellan parterna kan konsumenten h\u00e4nskjuta \u00e4rendet till konsumenttvisten\u00e4mnden (<a href=\"https:\/\/kuluttajariita.fi\/fi\/\" target=\"_blank\" rel=\"noreferrer noopener\">www.kuluttajariita.fi<\/a>) f\u00f6r avg\u00f6rande. Innan \u00e4rendet tas upp till behandling av konsumenttvisten\u00e4mnden ska konsumenten kontakta magistraternas konsumentr\u00e5dgivning (<a href=\"https:\/\/www.kkv.fi\/kuluttaja-asiat\/kuluttajaneuvonta\/\" target=\"_blank\" rel=\"noreferrer noopener\">www.kuluttajaneuvonta.fi<\/a>).<\/p>\n\n<p><\/p>\n","protected":false},"excerpt":{"rendered":"<p>Best\u00e4llnings-, leverans- och avbokningsvillkor Allm\u00e4nt OUN Oy, FO-nummer: 3179402-6, s\u00e4ljer tj\u00e4nster till myndiga privatpersoner och f\u00f6retag i Finland. F\u00f6r tydlighetens skull konstateras att OUN Oy inte \u00e4r en f\u00f6rmedlingsbyr\u00e5. Lagen om fastighetsf\u00f6rmedlingsbyr\u00e5er och byr\u00e5er f\u00f6r f\u00f6rmedling av hyresbost\u00e4der till\u00e4mpas d\u00e4rf\u00f6r inte. Insamling av personuppgifter Som kund som anv\u00e4nder v\u00e5r tj\u00e4nst godk\u00e4nner du att vi sparar [&hellip;]<\/p>\n","protected":false},"author":6,"featured_media":0,"parent":0,"menu_order":0,"comment_status":"closed","ping_status":"closed","template":"","meta":{"_uag_custom_page_level_css":"","site-sidebar-layout":"default","site-content-layout":"","ast-site-content-layout":"default","site-content-style":"default","site-sidebar-style":"default","ast-global-header-display":"","ast-banner-title-visibility":"","ast-main-header-display":"","ast-hfb-above-header-display":"","ast-hfb-below-header-display":"","ast-hfb-mobile-header-display":"","site-post-title":"","ast-breadcrumbs-content":"","ast-featured-img":"","footer-sml-layout":"","ast-disable-related-posts":"","theme-transparent-header-meta":"","adv-header-id-meta":"","stick-header-meta":"","header-above-stick-meta":"","header-main-stick-meta":"","header-below-stick-meta":"","astra-migrate-meta-layouts":"default","ast-page-background-enabled":"default","ast-page-background-meta":{"desktop":{"background-color":"var(--ast-global-color-4)","background-image":"","background-repeat":"repeat","background-position":"center center","background-size":"auto","background-attachment":"scroll","background-type":"","background-media":"","overlay-type":"","overlay-color":"","overlay-opacity":"","overlay-gradient":""},"tablet":{"background-color":"","background-image":"","background-repeat":"repeat","background-position":"center center","background-size":"auto","background-attachment":"scroll","background-type":"","background-media":"","overlay-type":"","overlay-color":"","overlay-opacity":"","overlay-gradient":""},"mobile":{"background-color":"","background-image":"","background-repeat":"repeat","background-position":"center center","background-size":"auto","background-attachment":"scroll","background-type":"","background-media":"","overlay-type":"","overlay-color":"","overlay-opacity":"","overlay-gradient":""}},"ast-content-background-meta":{"desktop":{"background-color":"var(--ast-global-color-5)","background-image":"","background-repeat":"repeat","background-position":"center center","background-size":"auto","background-attachment":"scroll","background-type":"","background-media":"","overlay-type":"","overlay-color":"","overlay-opacity":"","overlay-gradient":""},"tablet":{"background-color":"var(--ast-global-color-5)","background-image":"","background-repeat":"repeat","background-position":"center center","background-size":"auto","background-attachment":"scroll","background-type":"","background-media":"","overlay-type":"","overlay-color":"","overlay-opacity":"","overlay-gradient":""},"mobile":{"background-color":"var(--ast-global-color-5)","background-image":"","background-repeat":"repeat","background-position":"center center","background-size":"auto","background-attachment":"scroll","background-type":"","background-media":"","overlay-type":"","overlay-color":"","overlay-opacity":"","overlay-gradient":""}},"footnotes":""},"class_list":["post-939","page","type-page","status-publish","hentry"],"spectra_custom_meta":{"surerank_seo_checks":["a:14:{s:14:\"h2_subheadings\";a:3:{s:6:\"status\";s:7:\"success\";s:7:\"message\";s:38:\"Page contains at least one subheading.\";s:4:\"type\";s:4:\"page\";}s:13:\"media_present\";a:3:{s:6:\"status\";s:7:\"warning\";s:7:\"message\";s:39:\"No images or videos found on this page.\";s:4:\"type\";s:4:\"page\";}s:13:\"links_present\";a:3:{s:6:\"status\";s:7:\"success\";s:7:\"message\";s:30:\"Links are present on the page.\";s:4:\"type\";s:4:\"page\";}s:10:\"url_length\";a:3:{s:6:\"status\";s:7:\"success\";s:7:\"message\";s:35:\"Page URL is short and SEO-friendly.\";s:4:\"type\";s:4:\"page\";}s:19:\"search_engine_title\";a:3:{s:6:\"status\";s:7:\"success\";s:7:\"message\";s:55:\"Search engine title is present and under 60 characters.\";s:4:\"type\";s:4:\"page\";}s:25:\"search_engine_description\";a:3:{s:6:\"status\";s:7:\"success\";s:7:\"message\";s:62:\"Search engine description is present and under 160 characters.\";s:4:\"type\";s:4:\"page\";}s:13:\"canonical_url\";a:3:{s:6:\"status\";s:7:\"success\";s:7:\"message\";s:37:\"Canonical tag is present on the page.\";s:4:\"type\";s:4:\"page\";}s:15:\"open_graph_tags\";a:3:{s:6:\"status\";s:7:\"success\";s:7:\"message\";s:40:\"Open Graph tags are present on the page.\";s:4:\"type\";s:4:\"page\";}s:16:\"keyword_in_title\";a:3:{s:6:\"status\";s:10:\"suggestion\";s:7:\"message\";s:38:\"No focus keyword set to analyze title.\";s:4:\"type\";s:7:\"keyword\";}s:22:\"keyword_in_description\";a:3:{s:6:\"status\";s:10:\"suggestion\";s:7:\"message\";s:49:\"No focus keyword set to analyze meta description.\";s:4:\"type\";s:7:\"keyword\";}s:14:\"keyword_in_url\";a:3:{s:6:\"status\";s:10:\"suggestion\";s:7:\"message\";s:36:\"No focus keyword set to analyze URL.\";s:4:\"type\";s:7:\"keyword\";}s:18:\"keyword_in_content\";a:3:{s:6:\"status\";s:10:\"suggestion\";s:7:\"message\";s:40:\"No focus keyword set to analyze content.\";s:4:\"type\";s:7:\"keyword\";}s:12:\"broken_links\";a:2:{s:6:\"status\";s:7:\"success\";s:7:\"message\";s:34:\"No broken links found on the page.\";}s:9:\"all_links\";a:4:{i:0;s:13:\"\/?page_id=987\";i:1;s:20:\"https:\/\/mobilepay.fi\";i:2;s:29:\"https:\/\/kuluttajariita.fi\/fi\/\";i:3;s:53:\"https:\/\/www.kkv.fi\/kuluttaja-asiat\/kuluttajaneuvonta\/\";}}"],"surerank_seo_checks_last_updated":["1775404640"],"_last_translation_edit_mode":["translation-editor"],"_top_nav_excluded":[""],"_cms_nav_minihome":[""],"_wpml_word_count":["712"],"_edit_lock":["1773521063:6"],"litespeed_vpi_list":["a:1:{i:0;s:32:\"cropped-OUNLogo2-nobg-216x52.png\";}"],"litespeed_vpi_list_mobile":["a:1:{i:0;s:32:\"cropped-OUNLogo2-nobg-216x52.png\";}"],"_uag_page_assets":["a:9:{s:3:\"css\";s:1943:\".wp-block-uagb-advanced-heading.uagb-block-ce781e3d.wp-block-uagb-advanced-heading .uagb-heading-text{color: var(--ast-global-color-2);}.wp-block-uagb-advanced-heading.uagb-block-ce781e3d.wp-block-uagb-advanced-heading .uagb-desc-text{margin-bottom: 15px;}.wp-block-uagb-advanced-heading.uagb-block-ce781e3d.wp-block-uagb-advanced-heading .uagb-highlight{font-style: normal;font-weight: Default;background: #007cba;color: #fff;-webkit-text-fill-color: #fff;}.wp-block-uagb-advanced-heading.uagb-block-ce781e3d.wp-block-uagb-advanced-heading .uagb-highlight::-moz-selection{color: #fff;background: #007cba;-webkit-text-fill-color: #fff;}.wp-block-uagb-advanced-heading.uagb-block-ce781e3d.wp-block-uagb-advanced-heading .uagb-highlight::selection{color: #fff;background: #007cba;-webkit-text-fill-color: #fff;}.wp-block-uagb-advanced-heading.uagb-block-ce781e3d .uagb-heading-text{font-size: 38px;}.wp-block-uagb-advanced-heading.uagb-block-6ab16210.wp-block-uagb-advanced-heading .uagb-heading-text{color: var(--ast-global-color-5);}.wp-block-uagb-advanced-heading.uagb-block-6ab16210.wp-block-uagb-advanced-heading .uagb-desc-text{margin-bottom: 15px;}.wp-block-uagb-advanced-heading.uagb-block-6ab16210.wp-block-uagb-advanced-heading .uagb-highlight{font-style: normal;font-weight: Default;background: #007cba;color: #fff;-webkit-text-fill-color: #fff;}.wp-block-uagb-advanced-heading.uagb-block-6ab16210.wp-block-uagb-advanced-heading .uagb-highlight::-moz-selection{color: #fff;background: #007cba;-webkit-text-fill-color: #fff;}.wp-block-uagb-advanced-heading.uagb-block-6ab16210.wp-block-uagb-advanced-heading .uagb-highlight::selection{color: #fff;background: #007cba;-webkit-text-fill-color: #fff;}.wp-block-uagb-advanced-heading.uagb-block-6ab16210 .uagb-heading-text{font-size: 30px;}@media only screen and (max-width: 976px) {.wp-block-uagb-advanced-heading.uagb-block-6ab16210 .uagb-heading-text{font-size: 29px;line-height: 1em;}}\";s:2:\"js\";s:0:\"\";s:18:\"current_block_list\";a:5:{i:0;s:21:\"uagb\/advanced-heading\";i:1;s:14:\"core\/paragraph\";i:2;s:12:\"core\/heading\";i:3;s:9:\"core\/list\";i:4;s:14:\"core\/list-item\";}s:8:\"uag_flag\";b:1;s:11:\"uag_version\";s:10:\"1777212635\";s:6:\"gfonts\";a:0:{}s:10:\"gfonts_url\";s:0:\"\";s:12:\"gfonts_files\";a:0:{}s:14:\"uag_faq_layout\";b:0;}"]},"uagb_featured_image_src":{"full":false,"thumbnail":false,"medium":false,"medium_large":false,"large":false,"1536x1536":false,"2048x2048":false},"uagb_author_info":{"display_name":"OUN\u00aeWeb","author_link":"https:\/\/oun.fi\/sv\/author\/dke1hhddnef3\/"},"uagb_comment_info":0,"uagb_excerpt":"Best\u00e4llnings-, leverans- och avbokningsvillkor Allm\u00e4nt OUN Oy, FO-nummer: 3179402-6, s\u00e4ljer tj\u00e4nster till myndiga privatpersoner och f\u00f6retag i Finland. F\u00f6r tydlighetens skull konstateras att OUN Oy inte \u00e4r en f\u00f6rmedlingsbyr\u00e5. Lagen om fastighetsf\u00f6rmedlingsbyr\u00e5er och byr\u00e5er f\u00f6r f\u00f6rmedling av hyresbost\u00e4der till\u00e4mpas d\u00e4rf\u00f6r inte. Insamling av personuppgifter Som kund som anv\u00e4nder v\u00e5r tj\u00e4nst godk\u00e4nner du att vi sparar&hellip;","_links":{"self":[{"href":"https:\/\/oun.fi\/sv\/wp-json\/wp\/v2\/pages\/939","targetHints":{"allow":["GET"]}}],"collection":[{"href":"https:\/\/oun.fi\/sv\/wp-json\/wp\/v2\/pages"}],"about":[{"href":"https:\/\/oun.fi\/sv\/wp-json\/wp\/v2\/types\/page"}],"author":[{"embeddable":true,"href":"https:\/\/oun.fi\/sv\/wp-json\/wp\/v2\/users\/6"}],"replies":[{"embeddable":true,"href":"https:\/\/oun.fi\/sv\/wp-json\/wp\/v2\/comments?post=939"}],"version-history":[{"count":0,"href":"https:\/\/oun.fi\/sv\/wp-json\/wp\/v2\/pages\/939\/revisions"}],"wp:attachment":[{"href":"https:\/\/oun.fi\/sv\/wp-json\/wp\/v2\/media?parent=939"}],"curies":[{"name":"wp","href":"https:\/\/api.w.org\/{rel}","templated":true}]}}