{"id":1248,"date":"2026-04-04T11:31:57","date_gmt":"2026-04-04T08:31:57","guid":{"rendered":"https:\/\/oun.fi\/?page_id=1248"},"modified":"2026-04-05T19:14:34","modified_gmt":"2026-04-05T16:14:34","slug":"prissattning","status":"publish","type":"page","link":"https:\/\/oun.fi\/sv\/prissattning\/","title":{"rendered":"Priss\u00e4ttning"},"content":{"rendered":"<div data-spectra-id=\"spectra-mmlv6krc-yq60wg\" data-aos-delay=\"0\" data-aos-duration=\"400\" data-aos-easing=\"ease\" data-aos-once=\"true\" data-aos=\"zoom-in\"\tstyle=\"overflow: visible; --spectra-text-color: ast-global-color-4; --spectra-background-color: #0f172a;\" class=\"spectra-is-root-container alignfull spectra-overlay-color spectra-overflow spectra-text-color spectra-background-color wp-elements-a2e996e93305f233927442c963941eec wp-block-spectra-container has-text-color has-ast-global-color-4-color\" id=\"hinnat\" data-orientation=\"vertical\"\t>\n\t\n\n<h2 data-aos-delay=\"0\" data-aos-duration=\"400\" data-aos-easing=\"ease\" data-aos-once=\"true\" data-aos=\"zoom-in\" class=\"wp-block-heading has-text-align-center\">V\u00e4lj sinnesfrid, inte \u00f6verraskningar!<\/h2>\n\n\n\n<p class=\"has-text-align-center has-medium-font-size\">Att k\u00f6pa bostad \u00e4r livets st\u00f6rsta aff\u00e4r. Vi s\u00e4kerst\u00e4ller att du vet vad du k\u00f6per. V\u00e4lj de delomr\u00e5den du beh\u00f6ver \u2013 <strong>ju mer omfattande helhet du v\u00e4ljer, desto mer sparar du.<\/strong><\/p>\n\n\n\n<figure data-spectra-id=\"spectra-mnk7kiv8-llmj34\" class=\"wp-block-image size-large\"><img decoding=\"async\" width=\"1024\" height=\"535\" src=\"https:\/\/oun.fi\/wp-content\/uploads\/2026\/04\/pexels-photo-30349323-30349323-1024x535.jpg\" alt=\"A hand holds a house-shaped keychain above an open wallet with Euro banknotes.\" class=\"wp-image-1302\" title=\"Priss\u00e4ttning\" srcset=\"https:\/\/oun.fi\/wp-content\/uploads\/2026\/04\/pexels-photo-30349323-30349323-1024x535.jpg 1024w, https:\/\/oun.fi\/wp-content\/uploads\/2026\/04\/pexels-photo-30349323-30349323-300x157.jpg 300w, https:\/\/oun.fi\/wp-content\/uploads\/2026\/04\/pexels-photo-30349323-30349323-768x401.jpg 768w, https:\/\/oun.fi\/wp-content\/uploads\/2026\/04\/pexels-photo-30349323-30349323.jpg 1200w\" sizes=\"(max-width: 1024px) 100vw, 1024px\" \/><\/figure>\n\n\n\n<p class=\"has-text-align-center has-text-color has-link-color has-medium-font-size wp-elements-7a648b4173c613aed255565af284e7b9\" style=\"color:#21b4a6\">V\u00e4lj paket efter ditt behov. Priset f\u00f6r varje enskilt paket \u00e4r 119,00 \u20ac. Dra ocks\u00e5 nytta av paketrabatten, som ber\u00e4knas automatiskt i kassan! <\/p>\n\n\n\n<ol data-aos-delay=\"0\" data-aos-duration=\"400\" data-aos-easing=\"ease\" data-aos-once=\"true\" data-aos=\"zoom-in\" class=\"wp-block-list\">\n<li style=\"padding-top:var(--wp--preset--spacing--50);padding-right:0;padding-bottom:var(--wp--preset--spacing--50);padding-left:0\"><strong>Ekonomi och f\u00f6rvaltning \u2013<\/strong> \u00c4r bostadsbolagets ekonomi p\u00e5 sund grund eller en tickande bomb? Har bolaget f\u00f6rvaltats h\u00e5llbart, eller har man bara f\u00f6rs\u00f6kt undvika kostnader till sista stund? Skjutit upp \u00e4ven n\u00f6dv\u00e4ndiga s\u00e5dana.<\/li>\n\n\n\n<li style=\"padding-top:var(--wp--preset--spacing--50);padding-right:0;padding-bottom:var(--wp--preset--spacing--50);padding-left:0\"><strong>Renoveringshistorik och framtida behov<\/strong> <strong>\u2013<\/strong> Vad har gjorts och vad kan man egentligen f\u00f6rv\u00e4nta sig? Varje bostadsbolag har renoveringsskuld \u2013 det \u00e4r normalt \u2013 men hur mycket finns det? Vi bed\u00f6mer renoveringsskulden \u00e5t dig.<\/li>\n\n\n\n<li style=\"margin-top:var(--wp--preset--spacing--50);margin-bottom:var(--wp--preset--spacing--50)\"><strong>Prisniv\u00e5 \u2013<\/strong> Bostadens &#8220;r\u00e4tta&#8221; pris fastst\u00e4lls i sj\u00e4lva verket f\u00f6rst i samband med aff\u00e4ren. Det vet varken m\u00e4klaren, s\u00e4ljaren eller k\u00f6paren i f\u00f6rv\u00e4g. Niv\u00e5n kan dock sk\u00f6njas mot bakgrund av historiken. Vi speglar objektets pris mot omr\u00e5dets genomf\u00f6rda, j\u00e4mf\u00f6rbara k\u00f6peskillingar.<\/li>\n\n\n\n<li style=\"margin-top:var(--wp--preset--spacing--60);margin-bottom:var(--wp--preset--spacing--60)\"><strong>Granskning av handlingar \u2013<\/strong> Vi g\u00e5r igenom disponentintyg och k\u00f6pebrev samt andra handlingar som h\u00f6r till aff\u00e4ren innan k\u00f6pet. Vi s\u00e4kerst\u00e4ller att det finstilta inte blir dyrt och att du vet vad du skriver under.<\/li>\n<\/ol>\n\n\n\n<figure data-aos-delay=\"0\" data-aos-duration=\"400\" data-aos-easing=\"ease\" data-aos-once=\"true\" data-aos=\"zoom-in\" class=\"wp-block-table is-style-stripes wp-container-content-9cfa9a5a\"><table class=\"has-ast-global-color-4-background-color has-text-color has-background has-link-color\" style=\"color:#0f172a;border-width:23px\"><tbody><tr><td><strong>Antal paket<\/strong><\/td><td><strong>Rabatt i kassan<\/strong><\/td><td><strong>Din f\u00f6rdel<\/strong><\/td><\/tr><tr><td>1 paket<\/td><td>Normalpris \u20ac119,00<\/td><td>Punktinsats f\u00f6r en specifik fr\u00e5ga.<\/td><\/tr><tr><td>2 paket<\/td><td>-10 % \u27a1\ufe0f \u20ac214,00<\/td><td>Bredare skydd, l\u00e4gre pris.<\/td><\/tr><tr><td>3 paket<\/td><td>-20 % \u27a1\ufe0f \u20ac286,00<\/td><td><strong>Popul\u00e4rast:<\/strong><br>Omfattande analys f\u00f6r att minimera risker.<\/td><\/tr><tr><td>4 paket<\/td><td>-30 % \u27a1\ufe0f \u20ac333,00<\/td><td><strong>Full sinnesro:<\/strong><br>K\u00f6parens kompletta expertst\u00f6d.<\/td><\/tr><\/tbody><tfoot><tr><td><\/td><td>Alla priser inkluderar moms25,5%.<\/td><td><\/td><\/tr><\/tfoot><\/table><\/figure>\n\n\n\n<div class=\"wp-block-buttons is-layout-flex wp-block-buttons-is-layout-flex\">\n<div class=\"wp-block-button\"><a class=\"wp-block-button__link wp-element-button\" href=\"http:\/\/order.oun.fi\/sv\">H\u00c4R F\u00d6R ATT BEST\u00c4LLA DIREKT!<\/a><\/div>\n<\/div>\n\n<\/div>\n\n\n\n<p><\/p>\n","protected":false},"excerpt":{"rendered":"","protected":false},"author":6,"featured_media":0,"parent":0,"menu_order":0,"comment_status":"closed","ping_status":"closed","template":"","meta":{"_uag_custom_page_level_css":"","site-sidebar-layout":"default","site-content-layout":"","ast-site-content-layout":"default","site-content-style":"default","site-sidebar-style":"default","ast-global-header-display":"","ast-banner-title-visibility":"","ast-main-header-display":"","ast-hfb-above-header-display":"","ast-hfb-below-header-display":"","ast-hfb-mobile-header-display":"","site-post-title":"","ast-breadcrumbs-content":"","ast-featured-img":"","footer-sml-layout":"","ast-disable-related-posts":"","theme-transparent-header-meta":"","adv-header-id-meta":"","stick-header-meta":"","header-above-stick-meta":"","header-main-stick-meta":"","header-below-stick-meta":"","astra-migrate-meta-layouts":"default","ast-page-background-enabled":"default","ast-page-background-meta":{"desktop":{"background-color":"var(--ast-global-color-4)","background-image":"","background-repeat":"repeat","background-position":"center center","background-size":"auto","background-attachment":"scroll","background-type":"","background-media":"","overlay-type":"","overlay-color":"","overlay-opacity":"","overlay-gradient":""},"tablet":{"background-color":"","background-image":"","background-repeat":"repeat","background-position":"center center","background-size":"auto","background-attachment":"scroll","background-type":"","background-media":"","overlay-type":"","overlay-color":"","overlay-opacity":"","overlay-gradient":""},"mobile":{"background-color":"","background-image":"","background-repeat":"repeat","background-position":"center center","background-size":"auto","background-attachment":"scroll","background-type":"","background-media":"","overlay-type":"","overlay-color":"","overlay-opacity":"","overlay-gradient":""}},"ast-content-background-meta":{"desktop":{"background-color":"var(--ast-global-color-5)","background-image":"","background-repeat":"repeat","background-position":"center center","background-size":"auto","background-attachment":"scroll","background-type":"","background-media":"","overlay-type":"","overlay-color":"","overlay-opacity":"","overlay-gradient":""},"tablet":{"background-color":"var(--ast-global-color-5)","background-image":"","background-repeat":"repeat","background-position":"center center","background-size":"auto","background-attachment":"scroll","background-type":"","background-media":"","overlay-type":"","overlay-color":"","overlay-opacity":"","overlay-gradient":""},"mobile":{"background-color":"var(--ast-global-color-5)","background-image":"","background-repeat":"repeat","background-position":"center center","background-size":"auto","background-attachment":"scroll","background-type":"","background-media":"","overlay-type":"","overlay-color":"","overlay-opacity":"","overlay-gradient":""}},"footnotes":""},"class_list":["post-1248","page","type-page","status-publish","hentry"],"spectra_custom_meta":{"surerank_seo_checks":["a:15:{s:14:\"h2_subheadings\";a:3:{s:6:\"status\";s:7:\"success\";s:7:\"message\";s:38:\"Page contains at least one subheading.\";s:4:\"type\";s:4:\"page\";}s:13:\"media_present\";a:3:{s:6:\"status\";s:7:\"success\";s:7:\"message\";s:55:\"This page includes images or videos to enhance content.\";s:4:\"type\";s:4:\"page\";}s:13:\"links_present\";a:3:{s:6:\"status\";s:7:\"success\";s:7:\"message\";s:30:\"Links are present on the page.\";s:4:\"type\";s:4:\"page\";}s:10:\"url_length\";a:3:{s:6:\"status\";s:7:\"success\";s:7:\"message\";s:35:\"Page URL is short and SEO-friendly.\";s:4:\"type\";s:4:\"page\";}s:19:\"search_engine_title\";a:3:{s:6:\"status\";s:7:\"success\";s:7:\"message\";s:55:\"Search engine title is present and under 60 characters.\";s:4:\"type\";s:4:\"page\";}s:25:\"search_engine_description\";a:3:{s:6:\"status\";s:7:\"success\";s:7:\"message\";s:62:\"Search engine description is present and under 160 characters.\";s:4:\"type\";s:4:\"page\";}s:13:\"canonical_url\";a:3:{s:6:\"status\";s:7:\"success\";s:7:\"message\";s:37:\"Canonical tag is present on the page.\";s:4:\"type\";s:4:\"page\";}s:15:\"open_graph_tags\";a:3:{s:6:\"status\";s:7:\"success\";s:7:\"message\";s:40:\"Open Graph tags are present on the page.\";s:4:\"type\";s:4:\"page\";}s:16:\"keyword_in_title\";a:3:{s:6:\"status\";s:10:\"suggestion\";s:7:\"message\";s:38:\"No focus keyword set to analyze title.\";s:4:\"type\";s:7:\"keyword\";}s:22:\"keyword_in_description\";a:3:{s:6:\"status\";s:10:\"suggestion\";s:7:\"message\";s:49:\"No focus keyword set to analyze meta description.\";s:4:\"type\";s:7:\"keyword\";}s:14:\"keyword_in_url\";a:3:{s:6:\"status\";s:10:\"suggestion\";s:7:\"message\";s:36:\"No focus keyword set to analyze URL.\";s:4:\"type\";s:7:\"keyword\";}s:18:\"keyword_in_content\";a:3:{s:6:\"status\";s:10:\"suggestion\";s:7:\"message\";s:40:\"No focus keyword set to analyze content.\";s:4:\"type\";s:7:\"keyword\";}s:12:\"broken_links\";a:2:{s:6:\"status\";s:7:\"success\";s:7:\"message\";s:34:\"No broken links found on the page.\";}s:14:\"image_alt_text\";a:5:{s:6:\"status\";s:7:\"success\";s:11:\"description\";a:1:{i:0;s:48:\"Images on the post\/page have alt text attributes\";}s:7:\"message\";s:49:\"All images on this page have alt text attributes.\";s:11:\"show_images\";b:0;s:4:\"type\";s:4:\"page\";}s:9:\"all_links\";a:1:{i:0;s:22:\"http:\/\/order.oun.fi\/sv\";}}"],"surerank_seo_checks_last_updated":["1775405674"],"_last_translation_edit_mode":["native-editor"],"_top_nav_excluded":[""],"_cms_nav_minihome":[""],"_wpml_word_count":["294"],"_wp_page_template":[""],"_edit_lock":["1775405715:6"],"_edit_last":["6"],"cmplz_hide_cookiebanner":[""],"_pys_head_footer":["a:7:{s:14:\"disable_global\";b:0;s:8:\"head_any\";s:0:\"\";s:12:\"head_desktop\";s:0:\"\";s:11:\"head_mobile\";s:0:\"\";s:10:\"footer_any\";s:0:\"\";s:14:\"footer_desktop\";s:0:\"\";s:13:\"footer_mobile\";s:0:\"\";}"],"litespeed_vpi_list":["a:1:{i:0;s:32:\"cropped-OUNLogo2-nobg-216x52.png\";}"],"litespeed_vpi_list_mobile":["a:2:{i:0;s:52:\"OUN-logo_transparentbg-removebg-preview-1-216x72.png\";i:1;s:43:\"pexels-photo-30349323-30349323-1024x535.jpg\";}"],"_uag_page_assets":["a:9:{s:3:\"css\";s:1046:\".wp-block-uagb-advanced-heading.uagb-block-6ab16210.wp-block-uagb-advanced-heading .uagb-heading-text{color: var(--ast-global-color-5);}.wp-block-uagb-advanced-heading.uagb-block-6ab16210.wp-block-uagb-advanced-heading .uagb-desc-text{margin-bottom: 15px;}.wp-block-uagb-advanced-heading.uagb-block-6ab16210.wp-block-uagb-advanced-heading .uagb-highlight{font-style: normal;font-weight: Default;background: #007cba;color: #fff;-webkit-text-fill-color: #fff;}.wp-block-uagb-advanced-heading.uagb-block-6ab16210.wp-block-uagb-advanced-heading .uagb-highlight::-moz-selection{color: #fff;background: #007cba;-webkit-text-fill-color: #fff;}.wp-block-uagb-advanced-heading.uagb-block-6ab16210.wp-block-uagb-advanced-heading .uagb-highlight::selection{color: #fff;background: #007cba;-webkit-text-fill-color: #fff;}.wp-block-uagb-advanced-heading.uagb-block-6ab16210 .uagb-heading-text{font-size: 30px;}@media only screen and (max-width: 976px) {.wp-block-uagb-advanced-heading.uagb-block-6ab16210 .uagb-heading-text{font-size: 29px;line-height: 1em;}}\";s:2:\"js\";s:0:\"\";s:18:\"current_block_list\";a:10:{i:0;s:17:\"spectra\/container\";i:1;s:12:\"core\/heading\";i:2;s:14:\"core\/paragraph\";i:3;s:10:\"core\/image\";i:4;s:9:\"core\/list\";i:5;s:14:\"core\/list-item\";i:6;s:10:\"core\/table\";i:7;s:12:\"core\/buttons\";i:8;s:11:\"core\/button\";i:9;s:21:\"uagb\/advanced-heading\";}s:8:\"uag_flag\";b:1;s:11:\"uag_version\";s:10:\"1777212497\";s:6:\"gfonts\";a:0:{}s:10:\"gfonts_url\";s:0:\"\";s:12:\"gfonts_files\";a:0:{}s:14:\"uag_faq_layout\";b:0;}"]},"uagb_featured_image_src":{"full":false,"thumbnail":false,"medium":false,"medium_large":false,"large":false,"1536x1536":false,"2048x2048":false},"uagb_author_info":{"display_name":"OUN\u00aeWeb","author_link":"https:\/\/oun.fi\/sv\/author\/dke1hhddnef3\/"},"uagb_comment_info":0,"uagb_excerpt":null,"_links":{"self":[{"href":"https:\/\/oun.fi\/sv\/wp-json\/wp\/v2\/pages\/1248","targetHints":{"allow":["GET"]}}],"collection":[{"href":"https:\/\/oun.fi\/sv\/wp-json\/wp\/v2\/pages"}],"about":[{"href":"https:\/\/oun.fi\/sv\/wp-json\/wp\/v2\/types\/page"}],"author":[{"embeddable":true,"href":"https:\/\/oun.fi\/sv\/wp-json\/wp\/v2\/users\/6"}],"replies":[{"embeddable":true,"href":"https:\/\/oun.fi\/sv\/wp-json\/wp\/v2\/comments?post=1248"}],"version-history":[{"count":12,"href":"https:\/\/oun.fi\/sv\/wp-json\/wp\/v2\/pages\/1248\/revisions"}],"predecessor-version":[{"id":1471,"href":"https:\/\/oun.fi\/sv\/wp-json\/wp\/v2\/pages\/1248\/revisions\/1471"}],"wp:attachment":[{"href":"https:\/\/oun.fi\/sv\/wp-json\/wp\/v2\/media?parent=1248"}],"curies":[{"name":"wp","href":"https:\/\/api.w.org\/{rel}","templated":true}]}}